{"id":2003,"date":"2021-05-21T11:21:56","date_gmt":"2021-05-21T11:21:56","guid":{"rendered":"https:\/\/clinicabluemoon.es\/tienda\/?page_id=2003"},"modified":"2021-09-22T11:32:25","modified_gmt":"2021-09-22T11:32:25","slug":"mas-sobre-nosotros","status":"publish","type":"page","link":"https:\/\/clinicabluemoon.es\/tienda\/mas-sobre-nosotros\/","title":{"rendered":"M\u00e1s sobre nosotros"},"content":{"rendered":"<p>[et_pb_section fb_built=\u00bb1&#8243; _builder_version=\u00bb4.9.4&#8243; _module_preset=\u00bbdefault\u00bb][et_pb_row _builder_version=\u00bb4.9.4&#8243; _module_preset=\u00bbdefault\u00bb][et_pb_column _builder_version=\u00bb4.9.4&#8243; _module_preset=\u00bbdefault\u00bb type=\u00bb4_4&#8243;][et_pb_text _builder_version=\u00bb4.9.4&#8243; _module_preset=\u00bbdefault\u00bb header_font=\u00bbMontserrat||||||||\u00bb header_text_align=\u00bbcenter\u00bb hover_enabled=\u00bb0&#8243; sticky_enabled=\u00bb0&#8243;]<\/p>\n<h1>NUESTRAS CL\u00cdNICAS<\/h1>\n<p>[\/et_pb_text][\/et_pb_column][\/et_pb_row][et_pb_row _builder_version=\u00bb4.9.4&#8243; _module_preset=\u00bbdefault\u00bb hover_enabled=\u00bb0&#8243; sticky_enabled=\u00bb0&#8243;][et_pb_column _builder_version=\u00bb4.9.4&#8243; _module_preset=\u00bbdefault\u00bb type=\u00bb4_4&#8243;][et_pb_cta title=\u00bbCl\u00ednica blue moon Puerta de Alcal\u00e1\u00bb _builder_version=\u00bb4.9.4&#8243; _module_preset=\u00bbdefault\u00bb background_color=\u00bbrgba(0,0,0,0.45)\u00bb alt=\u00bbCl\u00ednica blue moon en Madrid\u00bb title_text=\u00bbClinica-Conde-Aranda\u00bb background_image=\u00bbhttps:\/\/clinicabluemoon.es\/tienda\/wp-content\/uploads\/2021\/05\/Clinica-Conde-Aranda-scaled.jpg\u00bb background_blend=\u00bboverlay\u00bb hover_enabled=\u00bb0&#8243; sticky_enabled=\u00bb0&#8243; height=\u00bb486px\u00bb header_font_size=\u00bb34px\u00bb body_font_size=\u00bb26px\u00bb]<\/p>\n<h3><\/h3>\n<p>Conde de Aranda, 6. Metro Retiro.<\/p>\n<p>28001 \u2013 Madrid<\/p>\n<p>Barrio de Salamanca<\/p>\n<p>[\/et_pb_cta][\/et_pb_column][\/et_pb_row][et_pb_row _builder_version=\u00bb4.9.4&#8243; _module_preset=\u00bbdefault\u00bb hover_enabled=\u00bb0&#8243; sticky_enabled=\u00bb0&#8243;][et_pb_column _builder_version=\u00bb4.9.4&#8243; _module_preset=\u00bbdefault\u00bb type=\u00bb4_4&#8243;][et_pb_cta title=\u00bbCl\u00ednica blue moon Glorieta de Quevedo\u00bb _builder_version=\u00bb4.9.4&#8243; _module_preset=\u00bbdefault\u00bb background_color=\u00bbrgba(0,0,0,0.45)\u00bb alt=\u00bbCl\u00ednica blue moon en Madrid\u00bb title_text=\u00bbClinica-Quevedo\u00bb background_image=\u00bbhttps:\/\/clinicabluemoon.es\/tienda\/wp-content\/uploads\/2021\/05\/Clinica-Quevedo-scaled.jpg\u00bb background_blend=\u00bboverlay\u00bb hover_enabled=\u00bb0&#8243; sticky_enabled=\u00bb0&#8243; height=\u00bb486px\u00bb header_font_size=\u00bb34px\u00bb body_font_size=\u00bb26px\u00bb]<\/p>\n<h3><\/h3>\n<p>Glorieta de Quevedo, 7.<\/p>\n<p>28015 \u2013 Madrid<\/p>\n<p>Barrio de Chamber\u00ed<\/p>\n<p>[\/et_pb_cta][\/et_pb_column][\/et_pb_row][et_pb_row _builder_version=\u00bb4.9.4&#8243; _module_preset=\u00bbdefault\u00bb locked=\u00bboff\u00bb][et_pb_column _builder_version=\u00bb4.9.4&#8243; _module_preset=\u00bbdefault\u00bb type=\u00bb4_4&#8243;][et_pb_text _builder_version=\u00bb4.9.4&#8243; _module_preset=\u00bbdefault\u00bb header_font=\u00bbMontserrat||||||||\u00bb header_text_align=\u00bbcenter\u00bb hover_enabled=\u00bb0&#8243; sticky_enabled=\u00bb0&#8243;]<\/p>\n<h1>TODO NUESTRO EQUIPO<\/h1>\n<p>[\/et_pb_text][\/et_pb_column][\/et_pb_row][et_pb_row _builder_version=\u00bb4.9.4&#8243; _module_preset=\u00bbdefault\u00bb column_structure=\u00bb1_6,1_6,1_6,1_6,1_6,1_6&#8243; hover_enabled=\u00bb0&#8243; sticky_enabled=\u00bb0&#8243;][et_pb_column _builder_version=\u00bb4.9.4&#8243; _module_preset=\u00bbdefault\u00bb type=\u00bb1_6&#8243; border_radii=\u00bbon|5px|5px|5px|5px\u00bb box_shadow_style=\u00bbpreset1&#8243; box_shadow_color=\u00bb#37b3d1&#8243; hover_enabled=\u00bb0&#8243; sticky_enabled=\u00bb0&#8243;][et_pb_team_member name=\u00bbEdith\u00bb image_url=\u00bbhttps:\/\/clinicabluemoon.es\/tienda\/wp-content\/uploads\/2021\/05\/Edith-encargada.jpg\u00bb position=\u00bbEncargada\u00bb _builder_version=\u00bb4.9.4&#8243; _module_preset=\u00bbdefault\u00bb alt=\u00bbEdith Encargada de Cl\u00ednicas blue moon\u00bb title_text=\u00bbEdith encargada\u00bb border_radii_image=\u00bbon|150px|150px|150px|150px\u00bb header_font=\u00bbMontserrat|700|||||||\u00bb header_text_align=\u00bbcenter\u00bb position_text_align=\u00bbcenter\u00bb hover_enabled=\u00bb0&#8243; sticky_enabled=\u00bb0&#8243; custom_padding=\u00bb10px|10px|10px|10px|false|false\u00bb][\/et_pb_team_member][\/et_pb_column][et_pb_column _builder_version=\u00bb4.9.4&#8243; _module_preset=\u00bbdefault\u00bb type=\u00bb1_6&#8243; border_radii=\u00bbon|5px|5px|5px|5px\u00bb box_shadow_style=\u00bbpreset1&#8243; box_shadow_color=\u00bb#37b3d1&#8243;][et_pb_team_member name=\u00bbLuc\u00eda\u00bb image_url=\u00bbhttps:\/\/clinicabluemoon.es\/tienda\/wp-content\/uploads\/2021\/05\/Lucia-Encargada.jpg\u00bb position=\u00bbEncargada\u00bb _builder_version=\u00bb4.9.4&#8243; _module_preset=\u00bbdefault\u00bb alt=\u00bbLuc\u00eda Encargada de Cl\u00ednicas blue moon\u00bb title_text=\u00bbLucia Encargada\u00bb border_radii_image=\u00bbon|150px|150px|150px|150px\u00bb header_font=\u00bbMontserrat|700|||||||\u00bb header_text_align=\u00bbcenter\u00bb position_text_align=\u00bbcenter\u00bb sticky_enabled=\u00bb0&#8243; custom_padding=\u00bb10px|10px|10px|10px|false|false\u00bb locked=\u00bboff\u00bb][\/et_pb_team_member][\/et_pb_column][et_pb_column _builder_version=\u00bb4.9.4&#8243; _module_preset=\u00bbdefault\u00bb type=\u00bb1_6&#8243; border_radii=\u00bbon|5px|5px|5px|5px\u00bb box_shadow_style=\u00bbpreset1&#8243; box_shadow_color=\u00bb#37b3d1&#8243;][et_pb_team_member name=\u00bbCristina\u00bb image_url=\u00bbhttps:\/\/clinicabluemoon.es\/tienda\/wp-content\/uploads\/2021\/05\/Cristina-encargada.jpg\u00bb position=\u00bbEncargada\u00bb _builder_version=\u00bb4.9.4&#8243; _module_preset=\u00bbdefault\u00bb alt=\u00bbCristina encargada de Cl\u00ednicas blue moon\u00bb title_text=\u00bbCristina encargada\u00bb border_radii_image=\u00bbon|150px|150px|150px|150px\u00bb header_font=\u00bbMontserrat|700|||||||\u00bb header_text_align=\u00bbcenter\u00bb position_text_align=\u00bbcenter\u00bb sticky_enabled=\u00bb0&#8243; custom_padding=\u00bb10px|10px|10px|10px|false|false\u00bb locked=\u00bboff\u00bb][\/et_pb_team_member][\/et_pb_column][et_pb_column _builder_version=\u00bb4.9.4&#8243; _module_preset=\u00bbdefault\u00bb type=\u00bb1_6&#8243; border_radii=\u00bbon|5px|5px|5px|5px\u00bb box_shadow_style=\u00bbpreset1&#8243; box_shadow_color=\u00bb#37b3d1&#8243;][et_pb_team_member name=\u00bbCarol\u00bb image_url=\u00bbhttps:\/\/clinicabluemoon.es\/tienda\/wp-content\/uploads\/2021\/05\/Carol-supervisora.jpg\u00bb position=\u00bbSupervisora\u00bb _builder_version=\u00bb4.9.4&#8243; _module_preset=\u00bbdefault\u00bb alt=\u00bbCarol supervisora en Cl\u00ednicas blue moon\u00bb title_text=\u00bbCarol supervisora\u00bb border_radii_image=\u00bbon|150px|150px|150px|150px\u00bb header_font=\u00bbMontserrat|700|||||||\u00bb header_text_align=\u00bbcenter\u00bb position_text_align=\u00bbcenter\u00bb sticky_enabled=\u00bb0&#8243; custom_padding=\u00bb10px|10px|10px|10px|false|false\u00bb locked=\u00bboff\u00bb][\/et_pb_team_member][\/et_pb_column][et_pb_column _builder_version=\u00bb4.9.4&#8243; _module_preset=\u00bbdefault\u00bb type=\u00bb1_6&#8243; border_radii=\u00bbon|5px|5px|5px|5px\u00bb box_shadow_style=\u00bbpreset1&#8243; box_shadow_color=\u00bb#37b3d1&#8243;][et_pb_team_member name=\u00bbCarolina\u00bb image_url=\u00bbhttps:\/\/clinicabluemoon.es\/tienda\/wp-content\/uploads\/2021\/05\/Carolina.jpg\u00bb position=\u00bbT\u00e9cnico\u00bb _builder_version=\u00bb4.9.4&#8243; _module_preset=\u00bbdefault\u00bb alt=\u00bbCarolina T\u00e9cnico de Cl\u00ednicas blue moon\u00bb title_text=\u00bbCarolina t\u00e9cnico\u00bb border_radii_image=\u00bbon|150px|150px|150px|150px\u00bb header_font=\u00bbMontserrat|700|||||||\u00bb header_text_align=\u00bbcenter\u00bb position_text_align=\u00bbcenter\u00bb sticky_enabled=\u00bb0&#8243; custom_padding=\u00bb10px|10px|10px|10px|false|false\u00bb locked=\u00bboff\u00bb hover_enabled=\u00bb0&#8243;][\/et_pb_team_member][\/et_pb_column][et_pb_column _builder_version=\u00bb4.9.4&#8243; _module_preset=\u00bbdefault\u00bb type=\u00bb1_6&#8243; border_radii=\u00bbon|5px|5px|5px|5px\u00bb box_shadow_style=\u00bbpreset1&#8243; box_shadow_color=\u00bb#37b3d1&#8243;][et_pb_team_member name=\u00bbConchi\u00bb image_url=\u00bbhttps:\/\/clinicabluemoon.es\/tienda\/wp-content\/uploads\/2021\/05\/Conchi.jpg\u00bb position=\u00bbT\u00e9cnico\u00bb _builder_version=\u00bb4.9.4&#8243; _module_preset=\u00bbdefault\u00bb alt=\u00bbConchi t\u00e9cnico de Cl\u00ednicas blue moon\u00bb title_text=\u00bbConchi t\u00e9cnico\u00bb border_radii_image=\u00bbon|150px|150px|150px|150px\u00bb header_font=\u00bbMontserrat|700|||||||\u00bb header_text_align=\u00bbcenter\u00bb position_text_align=\u00bbcenter\u00bb sticky_enabled=\u00bb0&#8243; custom_padding=\u00bb10px|10px|10px|10px|false|false\u00bb locked=\u00bboff\u00bb hover_enabled=\u00bb0&#8243;][\/et_pb_team_member][\/et_pb_column][\/et_pb_row][et_pb_row _builder_version=\u00bb4.9.4&#8243; _module_preset=\u00bbdefault\u00bb column_structure=\u00bb1_6,1_6,1_6,1_6,1_6,1_6&#8243; hover_enabled=\u00bb0&#8243; sticky_enabled=\u00bb0&#8243;][et_pb_column _builder_version=\u00bb4.9.4&#8243; _module_preset=\u00bbdefault\u00bb type=\u00bb1_6&#8243; border_radii=\u00bbon|5px|5px|5px|5px\u00bb box_shadow_style=\u00bbpreset1&#8243; box_shadow_color=\u00bb#37b3d1&#8243; hover_enabled=\u00bb0&#8243; sticky_enabled=\u00bb0&#8243;][et_pb_team_member name=\u00bbMar\u00eda Jos\u00e9\u00bb image_url=\u00bbhttps:\/\/clinicabluemoon.es\/tienda\/wp-content\/uploads\/2021\/05\/Maria-Jose.jpg\u00bb position=\u00bbT\u00e9cnico\u00bb _builder_version=\u00bb4.9.4&#8243; _module_preset=\u00bbdefault\u00bb alt=\u00bbMar\u00eda Jos\u00e9 t\u00e9cnico de Cl\u00ednicas blue moon\u00bb title_text=\u00bbMaria Jose tecnico\u00bb border_radii_image=\u00bbon|150px|150px|150px|150px\u00bb header_font=\u00bbMontserrat|700|||||||\u00bb header_text_align=\u00bbcenter\u00bb position_text_align=\u00bbcenter\u00bb sticky_enabled=\u00bb0&#8243; custom_padding=\u00bb10px|10px|10px|10px|false|false\u00bb hover_enabled=\u00bb0&#8243;][\/et_pb_team_member][\/et_pb_column][et_pb_column _builder_version=\u00bb4.9.4&#8243; _module_preset=\u00bbdefault\u00bb type=\u00bb1_6&#8243; border_radii=\u00bbon|5px|5px|5px|5px\u00bb box_shadow_style=\u00bbpreset1&#8243; box_shadow_color=\u00bb#37b3d1&#8243;][et_pb_team_member name=\u00bbNicoletta\u00bb image_url=\u00bbhttps:\/\/clinicabluemoon.es\/tienda\/wp-content\/uploads\/2021\/05\/Nicoletta.jpg\u00bb position=\u00bbT\u00e9cnico\u00bb _builder_version=\u00bb4.9.4&#8243; _module_preset=\u00bbdefault\u00bb alt=\u00bbNicoletta t\u00e9cnico de Cl\u00ednicas blue moon\u00bb title_text=\u00bbNicoletta tecnico\u00bb border_radii_image=\u00bbon|150px|150px|150px|150px\u00bb header_font=\u00bbMontserrat|700|||||||\u00bb header_text_align=\u00bbcenter\u00bb position_text_align=\u00bbcenter\u00bb sticky_enabled=\u00bb0&#8243; custom_padding=\u00bb10px|10px|10px|10px|false|false\u00bb locked=\u00bboff\u00bb hover_enabled=\u00bb0&#8243;][\/et_pb_team_member][\/et_pb_column][et_pb_column _builder_version=\u00bb4.9.4&#8243; _module_preset=\u00bbdefault\u00bb type=\u00bb1_6&#8243; border_radii=\u00bbon|5px|5px|5px|5px\u00bb box_shadow_style=\u00bbpreset1&#8243; box_shadow_color=\u00bb#37b3d1&#8243;][et_pb_team_member name=\u00bbNoem\u00ed\u00bb image_url=\u00bbhttps:\/\/clinicabluemoon.es\/tienda\/wp-content\/uploads\/2021\/05\/Noemi.jpg\u00bb position=\u00bbT\u00e9cnico\u00bb _builder_version=\u00bb4.9.4&#8243; _module_preset=\u00bbdefault\u00bb alt=\u00bbNoem\u00ed T\u00e9cnico de Cl\u00ednicas blue moon\u00bb title_text=\u00bbNoemi tecnico\u00bb border_radii_image=\u00bbon|150px|150px|150px|150px\u00bb header_font=\u00bbMontserrat|700|||||||\u00bb header_text_align=\u00bbcenter\u00bb position_text_align=\u00bbcenter\u00bb sticky_enabled=\u00bb0&#8243; custom_padding=\u00bb10px|10px|10px|10px|false|false\u00bb locked=\u00bboff\u00bb hover_enabled=\u00bb0&#8243;][\/et_pb_team_member][\/et_pb_column][et_pb_column _builder_version=\u00bb4.9.4&#8243; _module_preset=\u00bbdefault\u00bb type=\u00bb1_6&#8243; border_radii=\u00bbon|5px|5px|5px|5px\u00bb box_shadow_style=\u00bbpreset1&#8243; box_shadow_color=\u00bb#37b3d1&#8243;][et_pb_team_member name=\u00bbAlba\u00bb image_url=\u00bbhttps:\/\/clinicabluemoon.es\/tienda\/wp-content\/uploads\/2021\/05\/Alba.jpg\u00bb position=\u00bbT\u00e9cnico\u00bb _builder_version=\u00bb4.9.4&#8243; _module_preset=\u00bbdefault\u00bb alt=\u00bbAlba t\u00e9cnico de Cl\u00ednicas blue moon\u00bb title_text=\u00bbAlba tecnico\u00bb border_radii_image=\u00bbon|150px|150px|150px|150px\u00bb header_font=\u00bbMontserrat|700|||||||\u00bb header_text_align=\u00bbcenter\u00bb position_text_align=\u00bbcenter\u00bb sticky_enabled=\u00bb0&#8243; custom_padding=\u00bb10px|10px|10px|10px|false|false\u00bb locked=\u00bboff\u00bb hover_enabled=\u00bb0&#8243;][\/et_pb_team_member][\/et_pb_column][et_pb_column _builder_version=\u00bb4.9.4&#8243; _module_preset=\u00bbdefault\u00bb type=\u00bb1_6&#8243; border_radii=\u00bbon|5px|5px|5px|5px\u00bb box_shadow_style=\u00bbpreset1&#8243; box_shadow_color=\u00bb#37b3d1&#8243;][et_pb_team_member name=\u00bbTeresita\u00bb image_url=\u00bbhttps:\/\/clinicabluemoon.es\/tienda\/wp-content\/uploads\/2021\/05\/Teresita-telefonista.jpg\u00bb position=\u00bbCall Center\u00bb _builder_version=\u00bb4.9.4&#8243; _module_preset=\u00bbdefault\u00bb alt=\u00bbTeresita Call Center de Cl\u00ednicas blue moon\u00bb title_text=\u00bbTeresita telefonista\u00bb border_radii_image=\u00bbon|150px|150px|150px|150px\u00bb header_font=\u00bbMontserrat|700|||||||\u00bb header_text_align=\u00bbcenter\u00bb position_text_align=\u00bbcenter\u00bb sticky_enabled=\u00bb0&#8243; custom_padding=\u00bb10px|10px|10px|10px|false|false\u00bb locked=\u00bboff\u00bb hover_enabled=\u00bb0&#8243;][\/et_pb_team_member][\/et_pb_column][et_pb_column _builder_version=\u00bb4.9.4&#8243; _module_preset=\u00bbdefault\u00bb type=\u00bb1_6&#8243; border_radii=\u00bbon|5px|5px|5px|5px\u00bb box_shadow_style=\u00bbpreset1&#8243; box_shadow_color=\u00bb#37b3d1&#8243;][et_pb_team_member name=\u00bbMar\u00bb image_url=\u00bbhttps:\/\/clinicabluemoon.es\/tienda\/wp-content\/uploads\/2021\/05\/Mar-recepcionista.jpg\u00bb position=\u00bbRecepci\u00f3n\u00bb _builder_version=\u00bb4.9.4&#8243; _module_preset=\u00bbdefault\u00bb alt=\u00bbMar recepci\u00f3n de Cl\u00ednicas blue moon\u00bb title_text=\u00bbMar recepcionista\u00bb border_radii_image=\u00bbon|150px|150px|150px|150px\u00bb header_font=\u00bbMontserrat|700|||||||\u00bb header_text_align=\u00bbcenter\u00bb position_text_align=\u00bbcenter\u00bb sticky_enabled=\u00bb0&#8243; custom_padding=\u00bb10px|10px|10px|10px|false|false\u00bb locked=\u00bboff\u00bb hover_enabled=\u00bb0&#8243;][\/et_pb_team_member][\/et_pb_column][\/et_pb_row][\/et_pb_section]<\/p>\n","protected":false},"excerpt":{"rendered":"<p>NUESTRAS CL\u00cdNICAS Conde de Aranda, 6. Metro Retiro. 28001 \u2013 Madrid Barrio de Salamanca Glorieta de Quevedo, 7. 28015 \u2013 Madrid Barrio de Chamber\u00edTODO NUESTRO EQUIPO<\/p>\n","protected":false},"author":1,"featured_media":0,"parent":0,"menu_order":0,"comment_status":"closed","ping_status":"closed","template":"","meta":{"_et_pb_use_builder":"on","_et_pb_old_content":"","_et_gb_content_width":"","footnotes":""},"class_list":["post-2003","page","type-page","status-publish","hentry"],"yoast_head":"<!-- This site is optimized with the Yoast SEO plugin v27.6 - https:\/\/yoast.com\/product\/yoast-seo-wordpress\/ -->\n<title>M\u00e1s sobre nosotros - Tienda online de Est&eacute;tica<\/title>\n<meta name=\"robots\" content=\"index, follow, max-snippet:-1, max-image-preview:large, max-video-preview:-1\" \/>\n<link rel=\"canonical\" href=\"https:\/\/clinicabluemoon.es\/tienda\/mas-sobre-nosotros\/\" \/>\n<meta property=\"og:locale\" content=\"es_ES\" \/>\n<meta property=\"og:type\" content=\"article\" \/>\n<meta property=\"og:title\" content=\"M\u00e1s sobre nosotros - Tienda online de Est&eacute;tica\" \/>\n<meta property=\"og:description\" content=\"NUESTRAS CL\u00cdNICAS Conde de Aranda, 6. Metro Retiro. 28001 \u2013 Madrid Barrio de Salamanca Glorieta de Quevedo, 7. 28015 \u2013 Madrid Barrio de Chamber\u00edTODO NUESTRO EQUIPO\" \/>\n<meta property=\"og:url\" content=\"https:\/\/clinicabluemoon.es\/tienda\/mas-sobre-nosotros\/\" \/>\n<meta property=\"og:site_name\" content=\"Tienda online de Est&eacute;tica\" \/>\n<meta property=\"article:modified_time\" content=\"2021-09-22T11:32:25+00:00\" \/>\n<meta name=\"twitter:card\" content=\"summary_large_image\" \/>\n<meta name=\"twitter:label1\" content=\"Tiempo de lectura\" \/>\n\t<meta name=\"twitter:data1\" content=\"8 minutos\" \/>\n<script type=\"application\/ld+json\" class=\"yoast-schema-graph\">{\"@context\":\"https:\\\/\\\/schema.org\",\"@graph\":[{\"@type\":\"WebPage\",\"@id\":\"https:\\\/\\\/clinicabluemoon.es\\\/tienda\\\/mas-sobre-nosotros\\\/\",\"url\":\"https:\\\/\\\/clinicabluemoon.es\\\/tienda\\\/mas-sobre-nosotros\\\/\",\"name\":\"M\u00e1s sobre nosotros - Tienda online de Est&eacute;tica\",\"isPartOf\":{\"@id\":\"https:\\\/\\\/clinicabluemoon.es\\\/tienda\\\/#website\"},\"datePublished\":\"2021-05-21T11:21:56+00:00\",\"dateModified\":\"2021-09-22T11:32:25+00:00\",\"breadcrumb\":{\"@id\":\"https:\\\/\\\/clinicabluemoon.es\\\/tienda\\\/mas-sobre-nosotros\\\/#breadcrumb\"},\"inLanguage\":\"es\",\"potentialAction\":[{\"@type\":\"ReadAction\",\"target\":[\"https:\\\/\\\/clinicabluemoon.es\\\/tienda\\\/mas-sobre-nosotros\\\/\"]}]},{\"@type\":\"BreadcrumbList\",\"@id\":\"https:\\\/\\\/clinicabluemoon.es\\\/tienda\\\/mas-sobre-nosotros\\\/#breadcrumb\",\"itemListElement\":[{\"@type\":\"ListItem\",\"position\":1,\"name\":\"Inicio\",\"item\":\"https:\\\/\\\/clinicabluemoon.es\\\/tienda\\\/\"},{\"@type\":\"ListItem\",\"position\":2,\"name\":\"M\u00e1s sobre nosotros\"}]},{\"@type\":\"WebSite\",\"@id\":\"https:\\\/\\\/clinicabluemoon.es\\\/tienda\\\/#website\",\"url\":\"https:\\\/\\\/clinicabluemoon.es\\\/tienda\\\/\",\"name\":\"Tienda online de Est&eacute;tica\",\"description\":\"Tienda online de Cl&iacute;nicas blue moon de Medicina y Cirug&iacute;a est&eacute;tica\",\"potentialAction\":[{\"@type\":\"SearchAction\",\"target\":{\"@type\":\"EntryPoint\",\"urlTemplate\":\"https:\\\/\\\/clinicabluemoon.es\\\/tienda\\\/?s={search_term_string}\"},\"query-input\":{\"@type\":\"PropertyValueSpecification\",\"valueRequired\":true,\"valueName\":\"search_term_string\"}}],\"inLanguage\":\"es\"}]}<\/script>\n<!-- \/ Yoast SEO plugin. -->","yoast_head_json":{"title":"M\u00e1s sobre nosotros - Tienda online de Est&eacute;tica","robots":{"index":"index","follow":"follow","max-snippet":"max-snippet:-1","max-image-preview":"max-image-preview:large","max-video-preview":"max-video-preview:-1"},"canonical":"https:\/\/clinicabluemoon.es\/tienda\/mas-sobre-nosotros\/","og_locale":"es_ES","og_type":"article","og_title":"M\u00e1s sobre nosotros - Tienda online de Est&eacute;tica","og_description":"NUESTRAS CL\u00cdNICAS Conde de Aranda, 6. Metro Retiro. 28001 \u2013 Madrid Barrio de Salamanca Glorieta de Quevedo, 7. 28015 \u2013 Madrid Barrio de Chamber\u00edTODO NUESTRO EQUIPO","og_url":"https:\/\/clinicabluemoon.es\/tienda\/mas-sobre-nosotros\/","og_site_name":"Tienda online de Est&eacute;tica","article_modified_time":"2021-09-22T11:32:25+00:00","twitter_card":"summary_large_image","twitter_misc":{"Tiempo de lectura":"8 minutos"},"schema":{"@context":"https:\/\/schema.org","@graph":[{"@type":"WebPage","@id":"https:\/\/clinicabluemoon.es\/tienda\/mas-sobre-nosotros\/","url":"https:\/\/clinicabluemoon.es\/tienda\/mas-sobre-nosotros\/","name":"M\u00e1s sobre nosotros - Tienda online de Est&eacute;tica","isPartOf":{"@id":"https:\/\/clinicabluemoon.es\/tienda\/#website"},"datePublished":"2021-05-21T11:21:56+00:00","dateModified":"2021-09-22T11:32:25+00:00","breadcrumb":{"@id":"https:\/\/clinicabluemoon.es\/tienda\/mas-sobre-nosotros\/#breadcrumb"},"inLanguage":"es","potentialAction":[{"@type":"ReadAction","target":["https:\/\/clinicabluemoon.es\/tienda\/mas-sobre-nosotros\/"]}]},{"@type":"BreadcrumbList","@id":"https:\/\/clinicabluemoon.es\/tienda\/mas-sobre-nosotros\/#breadcrumb","itemListElement":[{"@type":"ListItem","position":1,"name":"Inicio","item":"https:\/\/clinicabluemoon.es\/tienda\/"},{"@type":"ListItem","position":2,"name":"M\u00e1s sobre nosotros"}]},{"@type":"WebSite","@id":"https:\/\/clinicabluemoon.es\/tienda\/#website","url":"https:\/\/clinicabluemoon.es\/tienda\/","name":"Tienda online de Est&eacute;tica","description":"Tienda online de Cl&iacute;nicas blue moon de Medicina y Cirug&iacute;a est&eacute;tica","potentialAction":[{"@type":"SearchAction","target":{"@type":"EntryPoint","urlTemplate":"https:\/\/clinicabluemoon.es\/tienda\/?s={search_term_string}"},"query-input":{"@type":"PropertyValueSpecification","valueRequired":true,"valueName":"search_term_string"}}],"inLanguage":"es"}]}},"_links":{"self":[{"href":"https:\/\/clinicabluemoon.es\/tienda\/wp-json\/wp\/v2\/pages\/2003","targetHints":{"allow":["GET"]}}],"collection":[{"href":"https:\/\/clinicabluemoon.es\/tienda\/wp-json\/wp\/v2\/pages"}],"about":[{"href":"https:\/\/clinicabluemoon.es\/tienda\/wp-json\/wp\/v2\/types\/page"}],"author":[{"embeddable":true,"href":"https:\/\/clinicabluemoon.es\/tienda\/wp-json\/wp\/v2\/users\/1"}],"replies":[{"embeddable":true,"href":"https:\/\/clinicabluemoon.es\/tienda\/wp-json\/wp\/v2\/comments?post=2003"}],"version-history":[{"count":3,"href":"https:\/\/clinicabluemoon.es\/tienda\/wp-json\/wp\/v2\/pages\/2003\/revisions"}],"predecessor-version":[{"id":2021,"href":"https:\/\/clinicabluemoon.es\/tienda\/wp-json\/wp\/v2\/pages\/2003\/revisions\/2021"}],"wp:attachment":[{"href":"https:\/\/clinicabluemoon.es\/tienda\/wp-json\/wp\/v2\/media?parent=2003"}],"curies":[{"name":"wp","href":"https:\/\/api.w.org\/{rel}","templated":true}]}}