{"id":2611,"date":"2021-12-02T16:30:35","date_gmt":"2021-12-02T16:30:35","guid":{"rendered":"https:\/\/clinicabluemoon.es\/tienda\/?page_id=2611"},"modified":"2021-12-09T16:55:24","modified_gmt":"2021-12-09T16:55:24","slug":"navidad-2x1","status":"publish","type":"page","link":"https:\/\/clinicabluemoon.es\/tienda\/navidad-2x1\/","title":{"rendered":"NAVIDAD 2X1"},"content":{"rendered":"<p>[et_pb_section fb_built=\u00bb1&#8243; _builder_version=\u00bb4.9.4&#8243; _module_preset=\u00bbdefault\u00bb global_colors_info=\u00bb{}\u00bb][et_pb_row _builder_version=\u00bb4.9.4&#8243; _module_preset=\u00bbdefault\u00bb global_colors_info=\u00bb{}\u00bb][et_pb_column type=\u00bb4_4&#8243; _builder_version=\u00bb4.9.4&#8243; _module_preset=\u00bbdefault\u00bb global_colors_info=\u00bb{}\u00bb][et_pb_text _builder_version=\u00bb4.10.8&#8243; _module_preset=\u00bbdefault\u00bb header_font=\u00bbMontserrat||||||||\u00bb header_text_align=\u00bbcenter\u00bb global_colors_info=\u00bb{}\u00bb]<\/p>\n<h1 style=\"text-align: center;\"><span style=\"color: #ff0000;\"><strong>2X1 <\/strong><\/span><\/h1>\n<h1 style=\"text-align: center;\"><span style=\"color: #ff0000;\"><strong>TE REGALAMOS <\/strong><\/span><\/h1>\n<h1 style=\"text-align: center;\"><span style=\"color: #ff0000;\"><strong>PARA QUE REGALES<\/strong><\/span><\/h1>\n<p style=\"text-align: center;\"><span style=\"color: #ff0000;\">Compra una sesi\u00f3n o bono y te regalamos otro igual o de otro tratamiento del mismo valor \u00a1t\u00fa eliges! Podr\u00e1s usar las sesiones t\u00fa o regalar una o las dos a qui\u00e9n t\u00fa quieras. Recuerda que las compras no tienen fecha de caducidad, podr\u00e9is realizaros el tratamiento cuando quer\u00e1is.<\/span><\/p>\n<p>[\/et_pb_text][\/et_pb_column][\/et_pb_row][et_pb_row _builder_version=\u00bb4.9.4&#8243; _module_preset=\u00bbdefault\u00bb global_colors_info=\u00bb{}\u00bb][et_pb_column type=\u00bb4_4&#8243; _builder_version=\u00bb4.9.4&#8243; _module_preset=\u00bbdefault\u00bb global_colors_info=\u00bb{}\u00bb][et_pb_text _builder_version=\u00bb4.10.8&#8243; _module_preset=\u00bbdefault\u00bb header_font=\u00bbMontserrat||||||||\u00bb header_text_align=\u00bbcenter\u00bb global_colors_info=\u00bb{}\u00bb]<\/p>\n<h1><span style=\"color: #000000;\">TRATAMIENTOS FACIALES 2X1<\/span><\/h1>\n<p>[\/et_pb_text][\/et_pb_column][\/et_pb_row][et_pb_row _builder_version=\u00bb4.9.4&#8243; _module_preset=\u00bbdefault\u00bb global_colors_info=\u00bb{}\u00bb][et_pb_column type=\u00bb4_4&#8243; _builder_version=\u00bb4.9.4&#8243; _module_preset=\u00bbdefault\u00bb global_colors_info=\u00bb{}\u00bb][et_pb_shop type=\u00bbproduct_category\u00bb show_pagination=\u00bbon\u00bb include_categories=\u00bb75&#8243; _builder_version=\u00bb4.10.8&#8243; _module_preset=\u00bbdefault\u00bb global_colors_info=\u00bb{}\u00bb][\/et_pb_shop][\/et_pb_column][\/et_pb_row][et_pb_row _builder_version=\u00bb4.9.4&#8243; _module_preset=\u00bbdefault\u00bb global_colors_info=\u00bb{}\u00bb][et_pb_column type=\u00bb4_4&#8243; _builder_version=\u00bb4.9.4&#8243; _module_preset=\u00bbdefault\u00bb global_colors_info=\u00bb{}\u00bb][et_pb_text _builder_version=\u00bb4.10.8&#8243; _module_preset=\u00bbdefault\u00bb header_font=\u00bbMontserrat||||||||\u00bb header_text_align=\u00bbcenter\u00bb global_colors_info=\u00bb{}\u00bb]<\/p>\n<h1><span style=\"color: #000000;\">TRATAMIENTOS CORPORALES 2X1<\/span><\/h1>\n<p>[\/et_pb_text][\/et_pb_column][\/et_pb_row][et_pb_row _builder_version=\u00bb4.9.4&#8243; _module_preset=\u00bbdefault\u00bb global_colors_info=\u00bb{}\u00bb][et_pb_column type=\u00bb4_4&#8243; _builder_version=\u00bb4.9.4&#8243; _module_preset=\u00bbdefault\u00bb global_colors_info=\u00bb{}\u00bb][et_pb_shop type=\u00bbproduct_category\u00bb show_pagination=\u00bbon\u00bb include_categories=\u00bb76&#8243; _builder_version=\u00bb4.10.8&#8243; _module_preset=\u00bbdefault\u00bb global_colors_info=\u00bb{}\u00bb][\/et_pb_shop][\/et_pb_column][\/et_pb_row][et_pb_row _builder_version=\u00bb4.10.8&#8243; _module_preset=\u00bbdefault\u00bb global_colors_info=\u00bb{}\u00bb][et_pb_column type=\u00bb4_4&#8243; _builder_version=\u00bb4.10.8&#8243; _module_preset=\u00bbdefault\u00bb global_colors_info=\u00bb{}\u00bb][et_pb_text _builder_version=\u00bb4.10.8&#8243; _module_preset=\u00bbdefault\u00bb hover_enabled=\u00bb0&#8243; global_colors_info=\u00bb{}\u00bb sticky_enabled=\u00bb0&#8243;]<\/p>\n<h1 style=\"text-align: center;\"><span style=\"color: #000000;\">CRIOSCULPTING<\/span><\/h1>\n<p>[\/et_pb_text][\/et_pb_column][\/et_pb_row][et_pb_row _builder_version=\u00bb4.10.8&#8243; _module_preset=\u00bbdefault\u00bb global_colors_info=\u00bb{}\u00bb][et_pb_column type=\u00bb4_4&#8243; _builder_version=\u00bb4.10.8&#8243; _module_preset=\u00bbdefault\u00bb global_colors_info=\u00bb{}\u00bb][et_pb_shop type=\u00bbproduct_category\u00bb include_categories=\u00bb78&#8243; _builder_version=\u00bb4.10.8&#8243; _module_preset=\u00bbdefault\u00bb global_colors_info=\u00bb{}\u00bb][\/et_pb_shop][\/et_pb_column][\/et_pb_row][\/et_pb_section]<\/p>\n","protected":false},"excerpt":{"rendered":"<p>2X1 TE REGALAMOS PARA QUE REGALES Compra una sesi\u00f3n o bono y te regalamos otro igual o de otro tratamiento del mismo valor \u00a1t\u00fa eliges! Podr\u00e1s usar las sesiones t\u00fa o regalar una o las dos a qui\u00e9n t\u00fa quieras. Recuerda que las compras no tienen fecha de caducidad, podr\u00e9is realizaros el tratamiento cuando quer\u00e1is.TRATAMIENTOS [&hellip;]<\/p>\n","protected":false},"author":1,"featured_media":0,"parent":0,"menu_order":0,"comment_status":"closed","ping_status":"closed","template":"","meta":{"_et_pb_use_builder":"on","_et_pb_old_content":"","_et_gb_content_width":"","footnotes":""},"class_list":["post-2611","page","type-page","status-publish","hentry"],"yoast_head":"<!-- This site is optimized with the Yoast SEO plugin v27.3 - https:\/\/yoast.com\/product\/yoast-seo-wordpress\/ -->\n<title>NAVIDAD 2X1 - Tienda online de Est&eacute;tica<\/title>\n<meta name=\"robots\" content=\"index, follow, max-snippet:-1, max-image-preview:large, max-video-preview:-1\" \/>\n<link rel=\"canonical\" href=\"https:\/\/clinicabluemoon.es\/tienda\/navidad-2x1\/\" \/>\n<meta property=\"og:locale\" content=\"es_ES\" \/>\n<meta property=\"og:type\" content=\"article\" \/>\n<meta property=\"og:title\" content=\"NAVIDAD 2X1 - Tienda online de Est&eacute;tica\" \/>\n<meta property=\"og:description\" content=\"2X1 TE REGALAMOS PARA QUE REGALES Compra una sesi\u00f3n o bono y te regalamos otro igual o de otro tratamiento del mismo valor \u00a1t\u00fa eliges! Podr\u00e1s usar las sesiones t\u00fa o regalar una o las dos a qui\u00e9n t\u00fa quieras. Recuerda que las compras no tienen fecha de caducidad, podr\u00e9is realizaros el tratamiento cuando quer\u00e1is.TRATAMIENTOS [&hellip;]\" \/>\n<meta property=\"og:url\" content=\"https:\/\/clinicabluemoon.es\/tienda\/navidad-2x1\/\" \/>\n<meta property=\"og:site_name\" content=\"Tienda online de Est&eacute;tica\" \/>\n<meta property=\"article:modified_time\" content=\"2021-12-09T16:55:24+00:00\" \/>\n<meta name=\"twitter:card\" content=\"summary_large_image\" \/>\n<meta name=\"twitter:label1\" content=\"Tiempo de lectura\" \/>\n\t<meta name=\"twitter:data1\" content=\"2 minutos\" \/>\n<script type=\"application\/ld+json\" class=\"yoast-schema-graph\">{\"@context\":\"https:\\\/\\\/schema.org\",\"@graph\":[{\"@type\":\"WebPage\",\"@id\":\"https:\\\/\\\/clinicabluemoon.es\\\/tienda\\\/navidad-2x1\\\/\",\"url\":\"https:\\\/\\\/clinicabluemoon.es\\\/tienda\\\/navidad-2x1\\\/\",\"name\":\"NAVIDAD 2X1 - Tienda online de Est&eacute;tica\",\"isPartOf\":{\"@id\":\"https:\\\/\\\/clinicabluemoon.es\\\/tienda\\\/#website\"},\"datePublished\":\"2021-12-02T16:30:35+00:00\",\"dateModified\":\"2021-12-09T16:55:24+00:00\",\"breadcrumb\":{\"@id\":\"https:\\\/\\\/clinicabluemoon.es\\\/tienda\\\/navidad-2x1\\\/#breadcrumb\"},\"inLanguage\":\"es\",\"potentialAction\":[{\"@type\":\"ReadAction\",\"target\":[\"https:\\\/\\\/clinicabluemoon.es\\\/tienda\\\/navidad-2x1\\\/\"]}]},{\"@type\":\"BreadcrumbList\",\"@id\":\"https:\\\/\\\/clinicabluemoon.es\\\/tienda\\\/navidad-2x1\\\/#breadcrumb\",\"itemListElement\":[{\"@type\":\"ListItem\",\"position\":1,\"name\":\"Inicio\",\"item\":\"https:\\\/\\\/clinicabluemoon.es\\\/tienda\\\/\"},{\"@type\":\"ListItem\",\"position\":2,\"name\":\"NAVIDAD 2X1\"}]},{\"@type\":\"WebSite\",\"@id\":\"https:\\\/\\\/clinicabluemoon.es\\\/tienda\\\/#website\",\"url\":\"https:\\\/\\\/clinicabluemoon.es\\\/tienda\\\/\",\"name\":\"Tienda online de Est&eacute;tica\",\"description\":\"Tienda online de Cl&iacute;nicas blue moon de Medicina y Cirug&iacute;a est&eacute;tica\",\"potentialAction\":[{\"@type\":\"SearchAction\",\"target\":{\"@type\":\"EntryPoint\",\"urlTemplate\":\"https:\\\/\\\/clinicabluemoon.es\\\/tienda\\\/?s={search_term_string}\"},\"query-input\":{\"@type\":\"PropertyValueSpecification\",\"valueRequired\":true,\"valueName\":\"search_term_string\"}}],\"inLanguage\":\"es\"}]}<\/script>\n<!-- \/ Yoast SEO plugin. -->","yoast_head_json":{"title":"NAVIDAD 2X1 - Tienda online de Est&eacute;tica","robots":{"index":"index","follow":"follow","max-snippet":"max-snippet:-1","max-image-preview":"max-image-preview:large","max-video-preview":"max-video-preview:-1"},"canonical":"https:\/\/clinicabluemoon.es\/tienda\/navidad-2x1\/","og_locale":"es_ES","og_type":"article","og_title":"NAVIDAD 2X1 - Tienda online de Est&eacute;tica","og_description":"2X1 TE REGALAMOS PARA QUE REGALES Compra una sesi\u00f3n o bono y te regalamos otro igual o de otro tratamiento del mismo valor \u00a1t\u00fa eliges! Podr\u00e1s usar las sesiones t\u00fa o regalar una o las dos a qui\u00e9n t\u00fa quieras. Recuerda que las compras no tienen fecha de caducidad, podr\u00e9is realizaros el tratamiento cuando quer\u00e1is.TRATAMIENTOS [&hellip;]","og_url":"https:\/\/clinicabluemoon.es\/tienda\/navidad-2x1\/","og_site_name":"Tienda online de Est&eacute;tica","article_modified_time":"2021-12-09T16:55:24+00:00","twitter_card":"summary_large_image","twitter_misc":{"Tiempo de lectura":"2 minutos"},"schema":{"@context":"https:\/\/schema.org","@graph":[{"@type":"WebPage","@id":"https:\/\/clinicabluemoon.es\/tienda\/navidad-2x1\/","url":"https:\/\/clinicabluemoon.es\/tienda\/navidad-2x1\/","name":"NAVIDAD 2X1 - Tienda online de Est&eacute;tica","isPartOf":{"@id":"https:\/\/clinicabluemoon.es\/tienda\/#website"},"datePublished":"2021-12-02T16:30:35+00:00","dateModified":"2021-12-09T16:55:24+00:00","breadcrumb":{"@id":"https:\/\/clinicabluemoon.es\/tienda\/navidad-2x1\/#breadcrumb"},"inLanguage":"es","potentialAction":[{"@type":"ReadAction","target":["https:\/\/clinicabluemoon.es\/tienda\/navidad-2x1\/"]}]},{"@type":"BreadcrumbList","@id":"https:\/\/clinicabluemoon.es\/tienda\/navidad-2x1\/#breadcrumb","itemListElement":[{"@type":"ListItem","position":1,"name":"Inicio","item":"https:\/\/clinicabluemoon.es\/tienda\/"},{"@type":"ListItem","position":2,"name":"NAVIDAD 2X1"}]},{"@type":"WebSite","@id":"https:\/\/clinicabluemoon.es\/tienda\/#website","url":"https:\/\/clinicabluemoon.es\/tienda\/","name":"Tienda online de Est&eacute;tica","description":"Tienda online de Cl&iacute;nicas blue moon de Medicina y Cirug&iacute;a est&eacute;tica","potentialAction":[{"@type":"SearchAction","target":{"@type":"EntryPoint","urlTemplate":"https:\/\/clinicabluemoon.es\/tienda\/?s={search_term_string}"},"query-input":{"@type":"PropertyValueSpecification","valueRequired":true,"valueName":"search_term_string"}}],"inLanguage":"es"}]}},"_links":{"self":[{"href":"https:\/\/clinicabluemoon.es\/tienda\/wp-json\/wp\/v2\/pages\/2611","targetHints":{"allow":["GET"]}}],"collection":[{"href":"https:\/\/clinicabluemoon.es\/tienda\/wp-json\/wp\/v2\/pages"}],"about":[{"href":"https:\/\/clinicabluemoon.es\/tienda\/wp-json\/wp\/v2\/types\/page"}],"author":[{"embeddable":true,"href":"https:\/\/clinicabluemoon.es\/tienda\/wp-json\/wp\/v2\/users\/1"}],"replies":[{"embeddable":true,"href":"https:\/\/clinicabluemoon.es\/tienda\/wp-json\/wp\/v2\/comments?post=2611"}],"version-history":[{"count":9,"href":"https:\/\/clinicabluemoon.es\/tienda\/wp-json\/wp\/v2\/pages\/2611\/revisions"}],"predecessor-version":[{"id":2671,"href":"https:\/\/clinicabluemoon.es\/tienda\/wp-json\/wp\/v2\/pages\/2611\/revisions\/2671"}],"wp:attachment":[{"href":"https:\/\/clinicabluemoon.es\/tienda\/wp-json\/wp\/v2\/media?parent=2611"}],"curies":[{"name":"wp","href":"https:\/\/api.w.org\/{rel}","templated":true}]}}