{"id":1801,"date":"2021-05-18T10:36:26","date_gmt":"2021-05-18T10:36:26","guid":{"rendered":"https:\/\/clinicabluemoon.es\/tienda\/?post_type=product&#038;p=1801"},"modified":"2026-01-22T22:48:30","modified_gmt":"2026-01-22T22:48:30","slug":"laser-fraxel-1sesion","status":"publish","type":"product","link":"https:\/\/clinicabluemoon.es\/tienda\/producto\/laser-fraxel-1sesion\/","title":{"rendered":"L\u00e1ser Fraxel Facial Completo"},"content":{"rendered":"<h3>Renueva tu piel en profundidad con Fraxel Dual con 40% de descuento<\/h3>\n<p data-start=\"2077\" data-end=\"2119\">\u2728 <strong data-start=\"2083\" data-end=\"2117\">Fraxel Dual \u2013 Facial Completo:<\/strong><\/p>\n<p data-start=\"2120\" data-end=\"2150\"><b>650\u20ac<\/b><\/p>\n<p data-start=\"1139\" data-end=\"1562\">El <strong data-start=\"1142\" data-end=\"1163\">L\u00e1ser Fraxel Dual<\/strong> es uno de los tratamientos m\u00e1s avanzados del mundo para <strong data-start=\"1220\" data-end=\"1254\">renovar la piel en profundidad<\/strong>. Trabaja mediante microcolumnas de energ\u00eda que estimulan la regeneraci\u00f3n natural del tejido, mejoran la textura, eliminan manchas y reducen arrugas finas.<br data-start=\"1409\" data-end=\"1412\" \/>Es un tratamiento <strong data-start=\"1430\" data-end=\"1471\">seguro, eficaz y cl\u00ednicamente probado<\/strong>, ideal para quienes buscan una piel m\u00e1s joven, uniforme y luminosa sin recurrir a cirug\u00eda.<\/p>\n<p data-start=\"1564\" data-end=\"1595\"><strong data-start=\"1564\" data-end=\"1595\">Beneficios del Fraxel Dual:<\/strong><\/p>\n<ul data-start=\"1596\" data-end=\"1914\">\n<li data-start=\"1596\" data-end=\"1659\">\n<p data-start=\"1598\" data-end=\"1659\">Reduce manchas solares, melasma y pigmentaci\u00f3n irregular<\/p>\n<\/li>\n<li data-start=\"1660\" data-end=\"1701\">\n<p data-start=\"1662\" data-end=\"1701\">Mejora poros, textura y cicatrices<\/p>\n<\/li>\n<li data-start=\"1702\" data-end=\"1739\">\n<p data-start=\"1704\" data-end=\"1739\">Suaviza l\u00edneas finas y arrugas<\/p>\n<\/li>\n<li data-start=\"1740\" data-end=\"1775\">\n<p data-start=\"1742\" data-end=\"1775\">Aporta luminosidad inmediata<\/p>\n<\/li>\n<li data-start=\"1776\" data-end=\"1805\">\n<p data-start=\"1778\" data-end=\"1805\">Estimula col\u00e1geno real<\/p>\n<\/li>\n<li data-start=\"1806\" data-end=\"1846\">\n<p data-start=\"1808\" data-end=\"1846\">Resultados visibles y progresivos<\/p>\n<\/li>\n<li data-start=\"1847\" data-end=\"1914\">\n<p data-start=\"1849\" data-end=\"1914\">Recuperaci\u00f3n r\u00e1pida comparado con otros l\u00e1seres fraccionados<\/p>\n<\/li>\n<\/ul>\n<p data-start=\"1916\" data-end=\"1927\">Ideal para:<\/p>\n<ul data-start=\"1928\" data-end=\"2040\">\n<li data-start=\"1928\" data-end=\"1939\">\n<p data-start=\"1930\" data-end=\"1939\">Manchas<\/p>\n<\/li>\n<li data-start=\"1940\" data-end=\"1962\">\n<p data-start=\"1942\" data-end=\"1962\">Fotoenvejecimiento<\/p>\n<\/li>\n<li data-start=\"1963\" data-end=\"1984\">\n<p data-start=\"1965\" data-end=\"1984\">Textura irregular<\/p>\n<\/li>\n<li data-start=\"1985\" data-end=\"1999\">\n<p data-start=\"1987\" data-end=\"1999\">Piel opaca<\/p>\n<\/li>\n<li data-start=\"2000\" data-end=\"2022\">\n<p data-start=\"2002\" data-end=\"2022\">Cicatrices de acn\u00e9<\/p>\n<\/li>\n<li data-start=\"2023\" data-end=\"2040\">\n<p data-start=\"2025\" data-end=\"2040\">Arrugas finas<\/p>\n<\/li>\n<\/ul>\n","protected":false},"excerpt":{"rendered":"<p>Renueva tu piel en profundidad con Fraxel Dual con 40% de descuento \u2728 Fraxel Dual \u2013 Facial Completo: 650\u20ac El L\u00e1ser Fraxel Dual es uno de los tratamientos m\u00e1s avanzados del mundo para renovar la piel en profundidad. Trabaja mediante microcolumnas de energ\u00eda que estimulan la regeneraci\u00f3n natural del tejido, mejoran la textura, eliminan manchas [&hellip;]<\/p>\n","protected":false},"featured_media":3665,"comment_status":"open","ping_status":"closed","template":"","meta":{"_et_pb_use_builder":"","_et_pb_old_content":"","_et_gb_content_width":""},"product_brand":[],"product_cat":[82,58],"product_tag":[],"class_list":{"0":"post-1801","1":"product","2":"type-product","3":"status-publish","4":"has-post-thumbnail","6":"product_cat-rebajas-tratamientos-faciales","7":"product_cat-tratamientos-faciales","9":"first","10":"instock","11":"virtual","12":"purchasable","13":"product-type-simple"},"yoast_head":"<!-- This site is optimized with the Yoast SEO plugin v27.6 - https:\/\/yoast.com\/product\/yoast-seo-wordpress\/ -->\n<title>L\u00e1ser Fraxel Facial Completo - Tienda online de Est&eacute;tica<\/title>\n<meta name=\"robots\" content=\"index, follow, max-snippet:-1, max-image-preview:large, max-video-preview:-1\" \/>\n<link rel=\"canonical\" href=\"https:\/\/clinicabluemoon.es\/tienda\/producto\/laser-fraxel-1sesion\/\" \/>\n<meta property=\"og:locale\" content=\"es_ES\" \/>\n<meta property=\"og:type\" content=\"article\" \/>\n<meta property=\"og:title\" content=\"L\u00e1ser Fraxel Facial Completo - Tienda online de Est&eacute;tica\" \/>\n<meta property=\"og:description\" content=\"Renueva tu piel en profundidad con Fraxel Dual con 40% de descuento \u2728 Fraxel Dual \u2013 Facial Completo: 650\u20ac El L\u00e1ser Fraxel Dual es uno de los tratamientos m\u00e1s avanzados del mundo para renovar la piel en profundidad. Trabaja mediante microcolumnas de energ\u00eda que estimulan la regeneraci\u00f3n natural del tejido, mejoran la textura, eliminan manchas [&hellip;]\" \/>\n<meta property=\"og:url\" content=\"https:\/\/clinicabluemoon.es\/tienda\/producto\/laser-fraxel-1sesion\/\" \/>\n<meta property=\"og:site_name\" content=\"Tienda online de Est&eacute;tica\" \/>\n<meta property=\"article:modified_time\" content=\"2026-01-22T22:48:30+00:00\" \/>\n<meta property=\"og:image\" content=\"https:\/\/clinicabluemoon.es\/tienda\/wp-content\/uploads\/2026\/01\/8.png\" \/>\n\t<meta property=\"og:image:width\" content=\"1080\" \/>\n\t<meta property=\"og:image:height\" content=\"1350\" \/>\n\t<meta property=\"og:image:type\" content=\"image\/png\" \/>\n<meta name=\"twitter:card\" content=\"summary_large_image\" \/>\n<meta name=\"twitter:label1\" content=\"Tiempo de lectura\" \/>\n\t<meta name=\"twitter:data1\" content=\"1 minuto\" \/>\n<script type=\"application\/ld+json\" class=\"yoast-schema-graph\">{\"@context\":\"https:\\\/\\\/schema.org\",\"@graph\":[{\"@type\":\"WebPage\",\"@id\":\"https:\\\/\\\/clinicabluemoon.es\\\/tienda\\\/producto\\\/laser-fraxel-1sesion\\\/\",\"url\":\"https:\\\/\\\/clinicabluemoon.es\\\/tienda\\\/producto\\\/laser-fraxel-1sesion\\\/\",\"name\":\"L\u00e1ser Fraxel Facial Completo - Tienda online de Est&eacute;tica\",\"isPartOf\":{\"@id\":\"https:\\\/\\\/clinicabluemoon.es\\\/tienda\\\/#website\"},\"primaryImageOfPage\":{\"@id\":\"https:\\\/\\\/clinicabluemoon.es\\\/tienda\\\/producto\\\/laser-fraxel-1sesion\\\/#primaryimage\"},\"image\":{\"@id\":\"https:\\\/\\\/clinicabluemoon.es\\\/tienda\\\/producto\\\/laser-fraxel-1sesion\\\/#primaryimage\"},\"thumbnailUrl\":\"https:\\\/\\\/clinicabluemoon.es\\\/tienda\\\/wp-content\\\/uploads\\\/2026\\\/01\\\/8.png\",\"datePublished\":\"2021-05-18T10:36:26+00:00\",\"dateModified\":\"2026-01-22T22:48:30+00:00\",\"breadcrumb\":{\"@id\":\"https:\\\/\\\/clinicabluemoon.es\\\/tienda\\\/producto\\\/laser-fraxel-1sesion\\\/#breadcrumb\"},\"inLanguage\":\"es\",\"potentialAction\":[{\"@type\":\"ReadAction\",\"target\":[\"https:\\\/\\\/clinicabluemoon.es\\\/tienda\\\/producto\\\/laser-fraxel-1sesion\\\/\"]}]},{\"@type\":\"ImageObject\",\"inLanguage\":\"es\",\"@id\":\"https:\\\/\\\/clinicabluemoon.es\\\/tienda\\\/producto\\\/laser-fraxel-1sesion\\\/#primaryimage\",\"url\":\"https:\\\/\\\/clinicabluemoon.es\\\/tienda\\\/wp-content\\\/uploads\\\/2026\\\/01\\\/8.png\",\"contentUrl\":\"https:\\\/\\\/clinicabluemoon.es\\\/tienda\\\/wp-content\\\/uploads\\\/2026\\\/01\\\/8.png\",\"width\":1080,\"height\":1350},{\"@type\":\"BreadcrumbList\",\"@id\":\"https:\\\/\\\/clinicabluemoon.es\\\/tienda\\\/producto\\\/laser-fraxel-1sesion\\\/#breadcrumb\",\"itemListElement\":[{\"@type\":\"ListItem\",\"position\":1,\"name\":\"Inicio\",\"item\":\"https:\\\/\\\/clinicabluemoon.es\\\/tienda\\\/\"},{\"@type\":\"ListItem\",\"position\":2,\"name\":\"Shop\",\"item\":\"https:\\\/\\\/clinicabluemoon.es\\\/tienda\\\/shop\\\/\"},{\"@type\":\"ListItem\",\"position\":3,\"name\":\"L\u00e1ser Fraxel Facial Completo\"}]},{\"@type\":\"WebSite\",\"@id\":\"https:\\\/\\\/clinicabluemoon.es\\\/tienda\\\/#website\",\"url\":\"https:\\\/\\\/clinicabluemoon.es\\\/tienda\\\/\",\"name\":\"Tienda online de Est&eacute;tica\",\"description\":\"Tienda online de Cl&iacute;nicas blue moon de Medicina y Cirug&iacute;a est&eacute;tica\",\"potentialAction\":[{\"@type\":\"SearchAction\",\"target\":{\"@type\":\"EntryPoint\",\"urlTemplate\":\"https:\\\/\\\/clinicabluemoon.es\\\/tienda\\\/?s={search_term_string}\"},\"query-input\":{\"@type\":\"PropertyValueSpecification\",\"valueRequired\":true,\"valueName\":\"search_term_string\"}}],\"inLanguage\":\"es\"}]}<\/script>\n<!-- \/ Yoast SEO plugin. -->","yoast_head_json":{"title":"L\u00e1ser Fraxel Facial Completo - Tienda online de Est&eacute;tica","robots":{"index":"index","follow":"follow","max-snippet":"max-snippet:-1","max-image-preview":"max-image-preview:large","max-video-preview":"max-video-preview:-1"},"canonical":"https:\/\/clinicabluemoon.es\/tienda\/producto\/laser-fraxel-1sesion\/","og_locale":"es_ES","og_type":"article","og_title":"L\u00e1ser Fraxel Facial Completo - Tienda online de Est&eacute;tica","og_description":"Renueva tu piel en profundidad con Fraxel Dual con 40% de descuento \u2728 Fraxel Dual \u2013 Facial Completo: 650\u20ac El L\u00e1ser Fraxel Dual es uno de los tratamientos m\u00e1s avanzados del mundo para renovar la piel en profundidad. Trabaja mediante microcolumnas de energ\u00eda que estimulan la regeneraci\u00f3n natural del tejido, mejoran la textura, eliminan manchas [&hellip;]","og_url":"https:\/\/clinicabluemoon.es\/tienda\/producto\/laser-fraxel-1sesion\/","og_site_name":"Tienda online de Est&eacute;tica","article_modified_time":"2026-01-22T22:48:30+00:00","og_image":[{"width":1080,"height":1350,"url":"https:\/\/clinicabluemoon.es\/tienda\/wp-content\/uploads\/2026\/01\/8.png","type":"image\/png"}],"twitter_card":"summary_large_image","twitter_misc":{"Tiempo de lectura":"1 minuto"},"schema":{"@context":"https:\/\/schema.org","@graph":[{"@type":"WebPage","@id":"https:\/\/clinicabluemoon.es\/tienda\/producto\/laser-fraxel-1sesion\/","url":"https:\/\/clinicabluemoon.es\/tienda\/producto\/laser-fraxel-1sesion\/","name":"L\u00e1ser Fraxel Facial Completo - Tienda online de Est&eacute;tica","isPartOf":{"@id":"https:\/\/clinicabluemoon.es\/tienda\/#website"},"primaryImageOfPage":{"@id":"https:\/\/clinicabluemoon.es\/tienda\/producto\/laser-fraxel-1sesion\/#primaryimage"},"image":{"@id":"https:\/\/clinicabluemoon.es\/tienda\/producto\/laser-fraxel-1sesion\/#primaryimage"},"thumbnailUrl":"https:\/\/clinicabluemoon.es\/tienda\/wp-content\/uploads\/2026\/01\/8.png","datePublished":"2021-05-18T10:36:26+00:00","dateModified":"2026-01-22T22:48:30+00:00","breadcrumb":{"@id":"https:\/\/clinicabluemoon.es\/tienda\/producto\/laser-fraxel-1sesion\/#breadcrumb"},"inLanguage":"es","potentialAction":[{"@type":"ReadAction","target":["https:\/\/clinicabluemoon.es\/tienda\/producto\/laser-fraxel-1sesion\/"]}]},{"@type":"ImageObject","inLanguage":"es","@id":"https:\/\/clinicabluemoon.es\/tienda\/producto\/laser-fraxel-1sesion\/#primaryimage","url":"https:\/\/clinicabluemoon.es\/tienda\/wp-content\/uploads\/2026\/01\/8.png","contentUrl":"https:\/\/clinicabluemoon.es\/tienda\/wp-content\/uploads\/2026\/01\/8.png","width":1080,"height":1350},{"@type":"BreadcrumbList","@id":"https:\/\/clinicabluemoon.es\/tienda\/producto\/laser-fraxel-1sesion\/#breadcrumb","itemListElement":[{"@type":"ListItem","position":1,"name":"Inicio","item":"https:\/\/clinicabluemoon.es\/tienda\/"},{"@type":"ListItem","position":2,"name":"Shop","item":"https:\/\/clinicabluemoon.es\/tienda\/shop\/"},{"@type":"ListItem","position":3,"name":"L\u00e1ser Fraxel Facial Completo"}]},{"@type":"WebSite","@id":"https:\/\/clinicabluemoon.es\/tienda\/#website","url":"https:\/\/clinicabluemoon.es\/tienda\/","name":"Tienda online de Est&eacute;tica","description":"Tienda online de Cl&iacute;nicas blue moon de Medicina y Cirug&iacute;a est&eacute;tica","potentialAction":[{"@type":"SearchAction","target":{"@type":"EntryPoint","urlTemplate":"https:\/\/clinicabluemoon.es\/tienda\/?s={search_term_string}"},"query-input":{"@type":"PropertyValueSpecification","valueRequired":true,"valueName":"search_term_string"}}],"inLanguage":"es"}]}},"_links":{"self":[{"href":"https:\/\/clinicabluemoon.es\/tienda\/wp-json\/wp\/v2\/product\/1801","targetHints":{"allow":["GET"]}}],"collection":[{"href":"https:\/\/clinicabluemoon.es\/tienda\/wp-json\/wp\/v2\/product"}],"about":[{"href":"https:\/\/clinicabluemoon.es\/tienda\/wp-json\/wp\/v2\/types\/product"}],"replies":[{"embeddable":true,"href":"https:\/\/clinicabluemoon.es\/tienda\/wp-json\/wp\/v2\/comments?post=1801"}],"wp:featuredmedia":[{"embeddable":true,"href":"https:\/\/clinicabluemoon.es\/tienda\/wp-json\/wp\/v2\/media\/3665"}],"wp:attachment":[{"href":"https:\/\/clinicabluemoon.es\/tienda\/wp-json\/wp\/v2\/media?parent=1801"}],"wp:term":[{"taxonomy":"product_brand","embeddable":true,"href":"https:\/\/clinicabluemoon.es\/tienda\/wp-json\/wp\/v2\/product_brand?post=1801"},{"taxonomy":"product_cat","embeddable":true,"href":"https:\/\/clinicabluemoon.es\/tienda\/wp-json\/wp\/v2\/product_cat?post=1801"},{"taxonomy":"product_tag","embeddable":true,"href":"https:\/\/clinicabluemoon.es\/tienda\/wp-json\/wp\/v2\/product_tag?post=1801"}],"curies":[{"name":"wp","href":"https:\/\/api.w.org\/{rel}","templated":true}]}}