{"id":1811,"date":"2021-05-18T10:52:57","date_gmt":"2021-05-18T10:52:57","guid":{"rendered":"https:\/\/clinicabluemoon.es\/tienda\/?post_type=product&#038;p=1811"},"modified":"2026-01-22T23:11:52","modified_gmt":"2026-01-22T23:11:52","slug":"coctel-celular","status":"publish","type":"product","link":"https:\/\/clinicabluemoon.es\/tienda\/producto\/coctel-celular\/","title":{"rendered":"C\u00f3ctel celular"},"content":{"rendered":"<p><span style=\"font-weight: 400;\">El c\u00f3ctel celular es un tratamiento de protocolo propio que consiste en peeling, vitaminas y mascarilla regenerante. Se realiza en cara, escote y manos y como son 3 tratamientos en 3 zonas son 9 tratamientos en 1.\u00a0<\/span><span style=\"font-weight: 400;\">La diferencia con otro tipo de aplicaci\u00f3n de vitaminas es que son 8.000 micropunciones de 2mm de profundidad que hidratan en la superficie de la piel de las tres zonas tratadas, previo peeling para que se quede m\u00e1s lisa la zona y la micropunci\u00f3n sea m\u00e1s efectiva y despu\u00e9s va una mascarilla regenerante para embellecer al m\u00e1ximo esas zonas tratadas. Es un tratamiento ideal para mejorar la calidad de la piel y para estar guapa un d\u00eda especial.<\/span><\/p>\n<p>&nbsp;<\/p>\n","protected":false},"excerpt":{"rendered":"<p>El c\u00f3ctel celular es un tratamiento de protocolo propio que consiste en peeling, vitaminas y mascarilla regenerante. Se realiza en cara, escote y manos y como son 3 tratamientos en 3 zonas son 9 tratamientos en 1.\u00a0La diferencia con otro tipo de aplicaci\u00f3n de vitaminas es que son 8.000 micropunciones de 2mm de profundidad que [&hellip;]<\/p>\n","protected":false},"featured_media":3655,"comment_status":"open","ping_status":"closed","template":"","meta":{"_et_pb_use_builder":"","_et_pb_old_content":"","_et_gb_content_width":""},"product_brand":[],"product_cat":[82,58],"product_tag":[],"class_list":{"0":"post-1811","1":"product","2":"type-product","3":"status-publish","4":"has-post-thumbnail","6":"product_cat-rebajas-tratamientos-faciales","7":"product_cat-tratamientos-faciales","9":"first","10":"instock","11":"purchasable","12":"product-type-simple"},"yoast_head":"<!-- This site is optimized with the Yoast SEO plugin v27.6 - https:\/\/yoast.com\/product\/yoast-seo-wordpress\/ -->\n<title>C\u00f3ctel celular - Tienda online de Est&eacute;tica<\/title>\n<meta name=\"robots\" content=\"index, follow, max-snippet:-1, max-image-preview:large, max-video-preview:-1\" \/>\n<link rel=\"canonical\" href=\"https:\/\/clinicabluemoon.es\/tienda\/producto\/coctel-celular\/\" \/>\n<meta property=\"og:locale\" content=\"es_ES\" \/>\n<meta property=\"og:type\" content=\"article\" \/>\n<meta property=\"og:title\" content=\"C\u00f3ctel celular - Tienda online de Est&eacute;tica\" \/>\n<meta property=\"og:description\" content=\"El c\u00f3ctel celular es un tratamiento de protocolo propio que consiste en peeling, vitaminas y mascarilla regenerante. Se realiza en cara, escote y manos y como son 3 tratamientos en 3 zonas son 9 tratamientos en 1.\u00a0La diferencia con otro tipo de aplicaci\u00f3n de vitaminas es que son 8.000 micropunciones de 2mm de profundidad que [&hellip;]\" \/>\n<meta property=\"og:url\" content=\"https:\/\/clinicabluemoon.es\/tienda\/producto\/coctel-celular\/\" \/>\n<meta property=\"og:site_name\" content=\"Tienda online de Est&eacute;tica\" \/>\n<meta property=\"article:modified_time\" content=\"2026-01-22T23:11:52+00:00\" \/>\n<meta property=\"og:image\" content=\"https:\/\/clinicabluemoon.es\/tienda\/wp-content\/uploads\/2026\/01\/11.png\" \/>\n\t<meta property=\"og:image:width\" content=\"1080\" \/>\n\t<meta property=\"og:image:height\" content=\"1350\" \/>\n\t<meta property=\"og:image:type\" content=\"image\/png\" \/>\n<meta name=\"twitter:card\" content=\"summary_large_image\" \/>\n<meta name=\"twitter:label1\" content=\"Tiempo de lectura\" \/>\n\t<meta name=\"twitter:data1\" content=\"1 minuto\" \/>\n<script type=\"application\/ld+json\" class=\"yoast-schema-graph\">{\"@context\":\"https:\\\/\\\/schema.org\",\"@graph\":[{\"@type\":\"WebPage\",\"@id\":\"https:\\\/\\\/clinicabluemoon.es\\\/tienda\\\/producto\\\/coctel-celular\\\/\",\"url\":\"https:\\\/\\\/clinicabluemoon.es\\\/tienda\\\/producto\\\/coctel-celular\\\/\",\"name\":\"C\u00f3ctel celular - Tienda online de Est&eacute;tica\",\"isPartOf\":{\"@id\":\"https:\\\/\\\/clinicabluemoon.es\\\/tienda\\\/#website\"},\"primaryImageOfPage\":{\"@id\":\"https:\\\/\\\/clinicabluemoon.es\\\/tienda\\\/producto\\\/coctel-celular\\\/#primaryimage\"},\"image\":{\"@id\":\"https:\\\/\\\/clinicabluemoon.es\\\/tienda\\\/producto\\\/coctel-celular\\\/#primaryimage\"},\"thumbnailUrl\":\"https:\\\/\\\/clinicabluemoon.es\\\/tienda\\\/wp-content\\\/uploads\\\/2026\\\/01\\\/11.png\",\"datePublished\":\"2021-05-18T10:52:57+00:00\",\"dateModified\":\"2026-01-22T23:11:52+00:00\",\"breadcrumb\":{\"@id\":\"https:\\\/\\\/clinicabluemoon.es\\\/tienda\\\/producto\\\/coctel-celular\\\/#breadcrumb\"},\"inLanguage\":\"es\",\"potentialAction\":[{\"@type\":\"ReadAction\",\"target\":[\"https:\\\/\\\/clinicabluemoon.es\\\/tienda\\\/producto\\\/coctel-celular\\\/\"]}]},{\"@type\":\"ImageObject\",\"inLanguage\":\"es\",\"@id\":\"https:\\\/\\\/clinicabluemoon.es\\\/tienda\\\/producto\\\/coctel-celular\\\/#primaryimage\",\"url\":\"https:\\\/\\\/clinicabluemoon.es\\\/tienda\\\/wp-content\\\/uploads\\\/2026\\\/01\\\/11.png\",\"contentUrl\":\"https:\\\/\\\/clinicabluemoon.es\\\/tienda\\\/wp-content\\\/uploads\\\/2026\\\/01\\\/11.png\",\"width\":1080,\"height\":1350},{\"@type\":\"BreadcrumbList\",\"@id\":\"https:\\\/\\\/clinicabluemoon.es\\\/tienda\\\/producto\\\/coctel-celular\\\/#breadcrumb\",\"itemListElement\":[{\"@type\":\"ListItem\",\"position\":1,\"name\":\"Inicio\",\"item\":\"https:\\\/\\\/clinicabluemoon.es\\\/tienda\\\/\"},{\"@type\":\"ListItem\",\"position\":2,\"name\":\"Shop\",\"item\":\"https:\\\/\\\/clinicabluemoon.es\\\/tienda\\\/shop\\\/\"},{\"@type\":\"ListItem\",\"position\":3,\"name\":\"C\u00f3ctel celular\"}]},{\"@type\":\"WebSite\",\"@id\":\"https:\\\/\\\/clinicabluemoon.es\\\/tienda\\\/#website\",\"url\":\"https:\\\/\\\/clinicabluemoon.es\\\/tienda\\\/\",\"name\":\"Tienda online de Est&eacute;tica\",\"description\":\"Tienda online de Cl&iacute;nicas blue moon de Medicina y Cirug&iacute;a est&eacute;tica\",\"potentialAction\":[{\"@type\":\"SearchAction\",\"target\":{\"@type\":\"EntryPoint\",\"urlTemplate\":\"https:\\\/\\\/clinicabluemoon.es\\\/tienda\\\/?s={search_term_string}\"},\"query-input\":{\"@type\":\"PropertyValueSpecification\",\"valueRequired\":true,\"valueName\":\"search_term_string\"}}],\"inLanguage\":\"es\"}]}<\/script>\n<!-- \/ Yoast SEO plugin. -->","yoast_head_json":{"title":"C\u00f3ctel celular - Tienda online de Est&eacute;tica","robots":{"index":"index","follow":"follow","max-snippet":"max-snippet:-1","max-image-preview":"max-image-preview:large","max-video-preview":"max-video-preview:-1"},"canonical":"https:\/\/clinicabluemoon.es\/tienda\/producto\/coctel-celular\/","og_locale":"es_ES","og_type":"article","og_title":"C\u00f3ctel celular - Tienda online de Est&eacute;tica","og_description":"El c\u00f3ctel celular es un tratamiento de protocolo propio que consiste en peeling, vitaminas y mascarilla regenerante. Se realiza en cara, escote y manos y como son 3 tratamientos en 3 zonas son 9 tratamientos en 1.\u00a0La diferencia con otro tipo de aplicaci\u00f3n de vitaminas es que son 8.000 micropunciones de 2mm de profundidad que [&hellip;]","og_url":"https:\/\/clinicabluemoon.es\/tienda\/producto\/coctel-celular\/","og_site_name":"Tienda online de Est&eacute;tica","article_modified_time":"2026-01-22T23:11:52+00:00","og_image":[{"width":1080,"height":1350,"url":"https:\/\/clinicabluemoon.es\/tienda\/wp-content\/uploads\/2026\/01\/11.png","type":"image\/png"}],"twitter_card":"summary_large_image","twitter_misc":{"Tiempo de lectura":"1 minuto"},"schema":{"@context":"https:\/\/schema.org","@graph":[{"@type":"WebPage","@id":"https:\/\/clinicabluemoon.es\/tienda\/producto\/coctel-celular\/","url":"https:\/\/clinicabluemoon.es\/tienda\/producto\/coctel-celular\/","name":"C\u00f3ctel celular - Tienda online de Est&eacute;tica","isPartOf":{"@id":"https:\/\/clinicabluemoon.es\/tienda\/#website"},"primaryImageOfPage":{"@id":"https:\/\/clinicabluemoon.es\/tienda\/producto\/coctel-celular\/#primaryimage"},"image":{"@id":"https:\/\/clinicabluemoon.es\/tienda\/producto\/coctel-celular\/#primaryimage"},"thumbnailUrl":"https:\/\/clinicabluemoon.es\/tienda\/wp-content\/uploads\/2026\/01\/11.png","datePublished":"2021-05-18T10:52:57+00:00","dateModified":"2026-01-22T23:11:52+00:00","breadcrumb":{"@id":"https:\/\/clinicabluemoon.es\/tienda\/producto\/coctel-celular\/#breadcrumb"},"inLanguage":"es","potentialAction":[{"@type":"ReadAction","target":["https:\/\/clinicabluemoon.es\/tienda\/producto\/coctel-celular\/"]}]},{"@type":"ImageObject","inLanguage":"es","@id":"https:\/\/clinicabluemoon.es\/tienda\/producto\/coctel-celular\/#primaryimage","url":"https:\/\/clinicabluemoon.es\/tienda\/wp-content\/uploads\/2026\/01\/11.png","contentUrl":"https:\/\/clinicabluemoon.es\/tienda\/wp-content\/uploads\/2026\/01\/11.png","width":1080,"height":1350},{"@type":"BreadcrumbList","@id":"https:\/\/clinicabluemoon.es\/tienda\/producto\/coctel-celular\/#breadcrumb","itemListElement":[{"@type":"ListItem","position":1,"name":"Inicio","item":"https:\/\/clinicabluemoon.es\/tienda\/"},{"@type":"ListItem","position":2,"name":"Shop","item":"https:\/\/clinicabluemoon.es\/tienda\/shop\/"},{"@type":"ListItem","position":3,"name":"C\u00f3ctel celular"}]},{"@type":"WebSite","@id":"https:\/\/clinicabluemoon.es\/tienda\/#website","url":"https:\/\/clinicabluemoon.es\/tienda\/","name":"Tienda online de Est&eacute;tica","description":"Tienda online de Cl&iacute;nicas blue moon de Medicina y Cirug&iacute;a est&eacute;tica","potentialAction":[{"@type":"SearchAction","target":{"@type":"EntryPoint","urlTemplate":"https:\/\/clinicabluemoon.es\/tienda\/?s={search_term_string}"},"query-input":{"@type":"PropertyValueSpecification","valueRequired":true,"valueName":"search_term_string"}}],"inLanguage":"es"}]}},"_links":{"self":[{"href":"https:\/\/clinicabluemoon.es\/tienda\/wp-json\/wp\/v2\/product\/1811","targetHints":{"allow":["GET"]}}],"collection":[{"href":"https:\/\/clinicabluemoon.es\/tienda\/wp-json\/wp\/v2\/product"}],"about":[{"href":"https:\/\/clinicabluemoon.es\/tienda\/wp-json\/wp\/v2\/types\/product"}],"replies":[{"embeddable":true,"href":"https:\/\/clinicabluemoon.es\/tienda\/wp-json\/wp\/v2\/comments?post=1811"}],"wp:featuredmedia":[{"embeddable":true,"href":"https:\/\/clinicabluemoon.es\/tienda\/wp-json\/wp\/v2\/media\/3655"}],"wp:attachment":[{"href":"https:\/\/clinicabluemoon.es\/tienda\/wp-json\/wp\/v2\/media?parent=1811"}],"wp:term":[{"taxonomy":"product_brand","embeddable":true,"href":"https:\/\/clinicabluemoon.es\/tienda\/wp-json\/wp\/v2\/product_brand?post=1811"},{"taxonomy":"product_cat","embeddable":true,"href":"https:\/\/clinicabluemoon.es\/tienda\/wp-json\/wp\/v2\/product_cat?post=1811"},{"taxonomy":"product_tag","embeddable":true,"href":"https:\/\/clinicabluemoon.es\/tienda\/wp-json\/wp\/v2\/product_tag?post=1811"}],"curies":[{"name":"wp","href":"https:\/\/api.w.org\/{rel}","templated":true}]}}